{"id":61,"date":"2020-01-23T18:21:52","date_gmt":"2020-01-23T18:21:52","guid":{"rendered":"https:\/\/demosites.io\/web-agency-gb\/?page_id=61"},"modified":"2023-06-05T09:28:34","modified_gmt":"2023-06-05T06:28:34","slug":"15c42-web-agency-gb-about-us","status":"publish","type":"page","link":"https:\/\/uygunlukbelgeleri.com\/index.php\/15c42-web-agency-gb-about-us\/","title":{"rendered":"Hakk\u0131m\u0131zda"},"content":{"rendered":"\n<div class=\"wp-block-cover alignfull is-light\" style=\"min-height:600px\"><span aria-hidden=\"true\" class=\"wp-block-cover__background has-white-background-color has-background-dim-40 has-background-dim\"><\/span><div class=\"wp-block-cover__inner-container\">\n<div class=\"wp-block-group is-layout-flow\"><div class=\"wp-block-group__inner-container\">\n<div style=\"height:80px\" aria-hidden=\"true\" class=\"wp-block-spacer\"><\/div>\n\n\n\n<div class=\"wp-block-columns are-vertically-aligned-center has-neve-text-color-color has-text-color is-layout-flex wp-container-3\">\n<div class=\"wp-block-column is-vertically-aligned-center is-layout-flow\" style=\"flex-basis:50%\"><div class=\"wp-block-image\">\n<figure class=\"alignright size-large is-resized\"><img decoding=\"async\" loading=\"lazy\" src=\"http:\/\/uygunlukbelgeleri.com\/wp-content\/uploads\/2023\/05\/EZHAR-VEKTOREL-1kjk-1024x1024.png\" alt=\"\" class=\"wp-image-315\" width=\"512\" height=\"512\" srcset=\"https:\/\/uygunlukbelgeleri.com\/wp-content\/uploads\/2023\/05\/EZHAR-VEKTOREL-1kjk-1024x1024.png 1024w, https:\/\/uygunlukbelgeleri.com\/wp-content\/uploads\/2023\/05\/EZHAR-VEKTOREL-1kjk-300x300.png 300w, https:\/\/uygunlukbelgeleri.com\/wp-content\/uploads\/2023\/05\/EZHAR-VEKTOREL-1kjk-150x150.png 150w, https:\/\/uygunlukbelgeleri.com\/wp-content\/uploads\/2023\/05\/EZHAR-VEKTOREL-1kjk-768x768.png 768w, https:\/\/uygunlukbelgeleri.com\/wp-content\/uploads\/2023\/05\/EZHAR-VEKTOREL-1kjk.png 1166w\" sizes=\"(max-width: 512px) 100vw, 512px\" \/><\/figure><\/div><\/div>\n\n\n\n<div class=\"wp-block-column is-vertically-aligned-center is-layout-flow\" style=\"flex-basis:50%\">\n<p id=\"wp-block-themeisle-blocks-advanced-heading-e18518c3\"><strong>EZHAR KURUMSAL<\/strong><\/p>\n\n\n\n<h2 class=\"wp-block-heading\">Biz Kimiz?<\/h2>\n\n\n\n<p>\u0130hracat Belgeleri ve Test Hizmeti Kapsam\u0131nda \u00c7\u00f6z\u00fcm Orta\u011f\u0131y\u0131z&nbsp;<\/p>\n\n\n\n<p>Ezhar Kurumsal olarak 2010 y\u0131l\u0131n\u0131n son \u00e7eyre\u011finde \u0130stanbul Anadolu yakas\u0131nda kurmu\u015f oldu\u011fumuz belgelendirme, e\u011fitim ve test servislerimiz ile d\u00fcnyan\u0131n en k\u00f6kl\u00fc dilleri aras\u0131nda yer alan Arap\u00e7a ve g\u00fcn\u00fcm\u00fczde art\u0131k k\u00fcresel (global) bir dil haline gelen \u0130ngilizceyi i\u015f ba\u011flant\u0131lar\u0131n\u0131zda kolayl\u0131kla kullanman\u0131z i\u00e7in ihtiya\u00e7 duyabilece\u011finiz t\u00fcm konularda profesyonel hizmetler sunmaktad\u0131r.<\/p>\n<\/div>\n<\/div>\n\n\n\n<div style=\"height:40px\" aria-hidden=\"true\" class=\"wp-block-spacer\"><\/div>\n<\/div><\/div>\n<\/div><\/div>\n\n\n\n<div class=\"wp-block-cover alignfull is-light\" style=\"min-height:600px\"><span aria-hidden=\"true\" class=\"wp-block-cover__background has-white-background-color has-background-dim-40 has-background-dim\"><\/span><div class=\"wp-block-cover__inner-container\">\n<div class=\"wp-block-group is-layout-flow\"><div class=\"wp-block-group__inner-container\">\n<div style=\"height:80px\" aria-hidden=\"true\" class=\"wp-block-spacer\"><\/div>\n\n\n\n<div class=\"wp-block-columns are-vertically-aligned-center is-layout-flex wp-container-7\">\n<div class=\"wp-block-column is-vertically-aligned-center is-layout-flow\" style=\"flex-basis:50%\">\n<h3 class=\"wp-block-heading\">Vizyon<\/h3>\n\n\n\n<p>EZHAR KURUMSAL Kaliteli, tecr\u00fcbeli ve d\u00fcr\u00fcst teknik kadrosuyla \u00e7al\u0131\u015fanlar\u0131n mutlulu\u011fu ve g\u00fcvenli\u011fini \u00f6n planda tutarak m\u00fc\u015fteri sadakatini kazanmak var olan m\u00fc\u015fteri ili\u015fkilerinin kal\u0131c\u0131 olabilmesi i\u00e7in verdi\u011fimiz s\u00f6zleri, yapt\u0131\u011f\u0131m\u0131z i\u015fleri tam anlam\u0131yla eksiksiz yerine getirerek m\u00fc\u015fterinin ilk tercihi olmaya \u00e7al\u0131\u015fmakt\u0131r.<\/p>\n<\/div>\n\n\n\n<div class=\"wp-block-column is-vertically-aligned-center is-layout-flow\" style=\"flex-basis:50%\">\n<h3 class=\"wp-block-heading\">Misyon<\/h3>\n\n\n\n<p>Uluslararas\u0131 g\u00f6zetim sekt\u00f6r\u00fcnde m\u00fc\u015fterilerine zaman\u0131nda tarafs\u0131z, g\u00fcvenilir, d\u00fcr\u00fcst hizmet vererek m\u00fc\u015fteri memnuniyetini sa\u011flamak, uluslararas\u0131 standartlardan taviz vermeden y\u00f6netim ve hizmet anlay\u0131\u015f\u0131yla m\u00fc\u015fteriler taraf\u0131ndan en \u00e7ok tercih edilen bir marka olarak hedeflerimizi s\u00fcrekli y\u00fckseltmek.<\/p>\n<\/div>\n<\/div>\n\n\n\n<div style=\"height:40px\" aria-hidden=\"true\" class=\"wp-block-spacer\"><\/div>\n<\/div><\/div>\n<\/div><\/div>\n\n\n\n<div class=\"wp-block-cover alignfull is-light\" style=\"min-height:420px\"><span aria-hidden=\"true\" class=\"wp-block-cover__background has-white-background-color has-background-dim-40 has-background-dim\"><\/span><div class=\"wp-block-cover__inner-container\">\n<div style=\"height:80px\" aria-hidden=\"true\" class=\"wp-block-spacer\"><\/div>\n\n\n\n<h2 class=\"wp-block-heading has-text-align-center\">Faaliyetlerimiz<\/h2>\n\n\n\n<p class=\"has-text-align-center\"><br>\u0130hracat Belgelerinde ( Suudi Arabistan, Nijerya, Irak, Cezayir, Libya, Tunus vs.)<\/p>\n\n\n\n<p class=\"has-text-align-center\">Test i\u015flemlerinde ( LVD testi, EMC Testi, IP testi, CE Belgesi, Kald\u0131rma Ekipmanlar\u0131 y\u0131ll\u0131k Periyodik <br>Kontroller ) T\u00fcr kak taraf\u0131ndan akredite olarak Hizmet vermektedir.<\/p>\n\n\n\n<p class=\"has-text-align-center\">Uluslar Aras\u0131 G\u00f6zetim Hizmetinde ( Konteyn\u0131r, Kamyon, T\u0131r, Y\u00fckleme \u00f6ncesi\/Sonras\u0131 <br>G\u00f6rsel hasars\u0131zl\u0131k ve Miktar Kontrol\u00fc) T\u00fcrk ak taraf\u0131ndan akredite olarak Hizmet vermektedir.<\/p>\n\n\n\n<div style=\"height:30px\" aria-hidden=\"true\" class=\"wp-block-spacer\"><\/div>\n<\/div><\/div>\n\n\n\n<div class=\"wp-block-cover alignfull is-light\" style=\"min-height:600px\"><span aria-hidden=\"true\" class=\"wp-block-cover__background has-white-background-color has-background-dim-100 has-background-dim\"><\/span><div class=\"wp-block-cover__inner-container\">\n<div class=\"wp-block-group is-layout-flow\"><div class=\"wp-block-group__inner-container\">\n<div style=\"height:80px\" aria-hidden=\"true\" class=\"wp-block-spacer\"><\/div>\n\n\n\n<div class=\"wp-block-columns is-layout-flex wp-container-11\">\n<div class=\"wp-block-column is-layout-flow\">\n<h3 class=\"wp-block-heading\">\u0130leti\u015fim Bilgilerimiz<\/h3>\n\n\n\n<p><strong>OPERASYON &nbsp;:+90 545 273 46 92<br><br>SATI\u015e DESTEK :+90 537 454 83 55<br><br>TEKN\u0130K UZMAN :+90 (546) 925 06 24<\/strong><\/p>\n\n\n\n<p><strong>SAHA SATI\u015e&nbsp; UZMAN :+90 549 464 55 61<br><br>cigdem@ezhar.com.tr<\/strong><\/p>\n\n\n\n<h3 class=\"wp-block-heading\">Ofisimize Bekliyoruz.<\/h3>\n\n\n\n<p><strong>\u00d6rnek Mahallesi Udi Hasan Bey Sokak. No:31, 34704<\/strong><br><strong>Ata\u015fehir\/\u0130stanbul, T\u00fcrkiye<\/strong><\/p>\n<\/div>\n\n\n\n<div class=\"wp-block-column is-layout-flow\"><style id=\"wpforms-css-vars-root\">\n\t\t\t\t:root {\n\t\t\t\t\t--wpforms-field-border-radius: 3px;\n--wpforms-field-background-color: #ffffff;\n--wpforms-field-border-color: rgba( 0, 0, 0, 0.25 );\n--wpforms-field-text-color: rgba( 0, 0, 0, 0.7 );\n--wpforms-label-color: rgba( 0, 0, 0, 0.85 );\n--wpforms-label-sublabel-color: rgba( 0, 0, 0, 0.55 );\n--wpforms-label-error-color: #d63637;\n--wpforms-button-border-radius: 3px;\n--wpforms-button-background-color: #066aab;\n--wpforms-button-text-color: #ffffff;\n--wpforms-field-size-input-height: 43px;\n--wpforms-field-size-input-spacing: 15px;\n--wpforms-field-size-font-size: 16px;\n--wpforms-field-size-line-height: 19px;\n--wpforms-field-size-padding-h: 14px;\n--wpforms-field-size-checkbox-size: 16px;\n--wpforms-field-size-sublabel-spacing: 5px;\n--wpforms-field-size-icon-size: 1;\n--wpforms-label-size-font-size: 16px;\n--wpforms-label-size-line-height: 19px;\n--wpforms-label-size-sublabel-font-size: 14px;\n--wpforms-label-size-sublabel-line-height: 17px;\n--wpforms-button-size-font-size: 17px;\n--wpforms-button-size-height: 41px;\n--wpforms-button-size-padding-h: 15px;\n--wpforms-button-size-margin-top: 10px;\n\n\t\t\t\t}\n\t\t\t<\/style><div class=\"wpforms-container wpforms-container-full wpforms-block wpforms-block-27087c04-91ce-426c-a2cf-cc4cb2d3d1cc wpforms-render-modern\" id=\"wpforms-7\"><form id=\"wpforms-form-7\" class=\"wpforms-validate wpforms-form\" data-formid=\"7\" method=\"post\" enctype=\"multipart\/form-data\" action=\"\/index.php\/wp-json\/wp\/v2\/pages\/61\" data-token=\"35ca0c0c0c0190c14afab2625367ddf5\"><noscript class=\"wpforms-error-noscript\">Please enable JavaScript in your browser to complete this form.<\/noscript><div class=\"wpforms-hidden\" id=\"wpforms-error-noscript\">Please enable JavaScript in your browser to complete this form.<\/div><div class=\"wpforms-field-container\"><div id=\"wpforms-7-field_0-container\" class=\"wpforms-field wpforms-field-name wpforms-one-half wpforms-first\" data-field-id=\"0\"><label class=\"wpforms-field-label wpforms-label-hide\" for=\"wpforms-7-field_0\" aria-hidden=\"false\">Name <span class=\"wpforms-required-label\" aria-hidden=\"true\">*<\/span><\/label><input type=\"text\" id=\"wpforms-7-field_0\" class=\"wpforms-field-large wpforms-field-required\" name=\"wpforms[fields][0]\" placeholder=\"Your Name\" aria-errormessage=\"wpforms-7-field_0-error\" required><\/div><div id=\"wpforms-7-field_3-container\" class=\"wpforms-field wpforms-field-email wpforms-one-half\" data-field-id=\"3\"><label class=\"wpforms-field-label wpforms-label-hide\" for=\"wpforms-7-field_3\" aria-hidden=\"false\">Email <span class=\"wpforms-required-label\" aria-hidden=\"true\">*<\/span><\/label><input type=\"email\" id=\"wpforms-7-field_3\" class=\"wpforms-field-large wpforms-field-required\" name=\"wpforms[fields][3]\" placeholder=\"Your Email\" spellcheck=\"false\" aria-errormessage=\"wpforms-7-field_3-error\" required><\/div><div id=\"wpforms-7-field_4-container\" class=\"wpforms-field wpforms-field-text\" data-field-id=\"4\"><label class=\"wpforms-field-label wpforms-label-hide\" for=\"wpforms-7-field_4\" aria-hidden=\"false\">Subject<\/label><input type=\"text\" id=\"wpforms-7-field_4\" class=\"wpforms-field-large\" name=\"wpforms[fields][4]\" placeholder=\"Subject\" aria-errormessage=\"wpforms-7-field_4-error\" ><\/div><div id=\"wpforms-7-field_2-container\" class=\"wpforms-field wpforms-field-textarea\" data-field-id=\"2\"><label class=\"wpforms-field-label wpforms-label-hide\" for=\"wpforms-7-field_2\" aria-hidden=\"false\">Message <span class=\"wpforms-required-label\" aria-hidden=\"true\">*<\/span><\/label><textarea id=\"wpforms-7-field_2\" class=\"wpforms-field-medium wpforms-field-required\" name=\"wpforms[fields][2]\" placeholder=\"Your Message\" aria-errormessage=\"wpforms-7-field_2-error\" required><\/textarea><\/div><\/div><!-- .wpforms-field-container --><div class=\"wpforms-submit-container\" ><input type=\"hidden\" name=\"wpforms[id]\" value=\"7\"><input type=\"hidden\" name=\"wpforms[author]\" value=\"1\"><button type=\"submit\" name=\"wpforms[submit]\" id=\"wpforms-submit-7\" class=\"wpforms-submit\" data-alt-text=\"Sending...\" data-submit-text=\"Send message\" aria-live=\"assertive\" value=\"wpforms-submit\">Send message<\/button><\/div><\/form><\/div>  <!-- .wpforms-container --><\/div>\n<\/div>\n\n\n\n<div style=\"height:40px\" aria-hidden=\"true\" class=\"wp-block-spacer\"><\/div>\n<\/div><\/div>\n<\/div><\/div>\n","protected":false},"excerpt":{"rendered":"","protected":false},"author":1,"featured_media":315,"parent":0,"menu_order":0,"comment_status":"closed","ping_status":"closed","template":"","meta":{"om_disable_all_campaigns":false,"_mi_skip_tracking":false,"_monsterinsights_sitenote_active":false,"_monsterinsights_sitenote_note":"","_monsterinsights_sitenote_category":0,"_themeisle_gutenberg_block_has_review":false,"_ti_tpc_template_sync":false,"_ti_tpc_template_id":"eex7gnweb2m8vo93cr1g"},"_links":{"self":[{"href":"https:\/\/uygunlukbelgeleri.com\/index.php\/wp-json\/wp\/v2\/pages\/61"}],"collection":[{"href":"https:\/\/uygunlukbelgeleri.com\/index.php\/wp-json\/wp\/v2\/pages"}],"about":[{"href":"https:\/\/uygunlukbelgeleri.com\/index.php\/wp-json\/wp\/v2\/types\/page"}],"author":[{"embeddable":true,"href":"https:\/\/uygunlukbelgeleri.com\/index.php\/wp-json\/wp\/v2\/users\/1"}],"replies":[{"embeddable":true,"href":"https:\/\/uygunlukbelgeleri.com\/index.php\/wp-json\/wp\/v2\/comments?post=61"}],"version-history":[{"count":13,"href":"https:\/\/uygunlukbelgeleri.com\/index.php\/wp-json\/wp\/v2\/pages\/61\/revisions"}],"predecessor-version":[{"id":435,"href":"https:\/\/uygunlukbelgeleri.com\/index.php\/wp-json\/wp\/v2\/pages\/61\/revisions\/435"}],"wp:featuredmedia":[{"embeddable":true,"href":"https:\/\/uygunlukbelgeleri.com\/index.php\/wp-json\/wp\/v2\/media\/315"}],"wp:attachment":[{"href":"https:\/\/uygunlukbelgeleri.com\/index.php\/wp-json\/wp\/v2\/media?parent=61"}],"curies":[{"name":"wp","href":"https:\/\/api.w.org\/{rel}","templated":true}]}}