{"id":307,"date":"2020-01-13T11:17:52","date_gmt":"2020-01-13T11:17:52","guid":{"rendered":"https:\/\/demosites.io\/web-agency-gb\/?page_id=5"},"modified":"2023-06-01T15:21:29","modified_gmt":"2023-06-01T12:21:29","slug":"15c42-web-agency-gb-home","status":"publish","type":"page","link":"https:\/\/uygunlukbelgeleri.com\/","title":{"rendered":"Uygunluk Belgeleri"},"content":{"rendered":"\n<div class=\"wp-block-cover alignfull is-light\" style=\"min-height:700px\"><span aria-hidden=\"true\" class=\"wp-block-cover__background has-background-dim-0 has-background-dim\"><\/span><img decoding=\"async\" loading=\"lazy\" width=\"1366\" height=\"768\" class=\"wp-block-cover__image-background wp-image-109\" alt=\"\" src=\"http:\/\/uygunlukbelgeleri.com\/wp-content\/uploads\/2020\/07\/web-design-studio-01.jpg.jpg\" style=\"object-position:50% 64%\" data-object-fit=\"cover\" data-object-position=\"50% 64%\" srcset=\"https:\/\/uygunlukbelgeleri.com\/wp-content\/uploads\/2020\/07\/web-design-studio-01.jpg.jpg 1366w, https:\/\/uygunlukbelgeleri.com\/wp-content\/uploads\/2020\/07\/web-design-studio-01.jpg-300x169.jpg 300w\" sizes=\"(max-width: 1366px) 100vw, 1366px\" \/><div class=\"wp-block-cover__inner-container\">\n<div style=\"height:80px\" aria-hidden=\"true\" class=\"wp-block-spacer\"><\/div>\n\n\n\n<h1 class=\"wp-block-heading has-text-align-center has-text-color\" style=\"color:#121212\">Uygunluk Belgeleri<\/h1>\n\n\n\n<div class=\"wp-block-columns is-layout-flex wp-container-4\">\n<div class=\"wp-block-column is-layout-flow\" style=\"flex-basis:15%\"><\/div>\n\n\n\n<div class=\"wp-block-column is-layout-flow\" style=\"flex-basis:70%\">\n<p class=\"has-text-align-center has-text-color\" style=\"color:#121212;font-size:17px\">Uygunluk belgesi, bir \u00fcr\u00fcn\u00fcn, hizmetin veya s\u00fcrecin belirli bir standart veya gereksinimi kar\u015f\u0131lad\u0131\u011f\u0131n\u0131 do\u011frulayan resmi bir belgedir. Bu belge, \u00fcreticilerin veya sa\u011flay\u0131c\u0131lar\u0131n \u00fcr\u00fcnlerini veya hizmetlerini kalite, g\u00fcvenlik veya performans a\u00e7\u0131s\u0131ndan belirli bir kabul edilebilir standarda uygun oldu\u011funu kan\u0131tlamalar\u0131na yard\u0131mc\u0131 olur. Uygunluk belgesi, ulusal veya uluslararas\u0131 kurulu\u015flar taraf\u0131ndan verilebilir ve genellikle sekt\u00f6re \u00f6zg\u00fc gereklilikleri kar\u015f\u0131lamak i\u00e7in belirli testlerin veya de\u011ferlendirmelerin tamamlanmas\u0131n\u0131 gerektirir.<\/p>\n<\/div>\n\n\n\n<div class=\"wp-block-column is-layout-flow\" style=\"flex-basis:15%\"><\/div>\n<\/div>\n\n\n\n<div style=\"height:80px\" aria-hidden=\"true\" class=\"wp-block-spacer\"><\/div>\n\n\n\n<div style=\"height:80px\" aria-hidden=\"true\" class=\"wp-block-spacer\"><\/div>\n<\/div><\/div>\n\n\n\n<div style=\"height:80px\" aria-hidden=\"true\" class=\"wp-block-spacer\"><\/div>\n\n\n\n<div class=\"wp-block-columns is-layout-flex wp-container-8\">\n<div class=\"wp-block-column is-layout-flow\"><div class=\"wp-block-image icon-style is-style-rounded\">\n<figure class=\"aligncenter size-large\"><img decoding=\"async\" loading=\"lazy\" width=\"72\" height=\"72\" src=\"http:\/\/uygunlukbelgeleri.com\/wp-content\/uploads\/2020\/01\/neve-webdesign-GB-03.png\" alt=\"\" class=\"wp-image-20\" title=\"\"\/><\/figure><\/div>\n\n\n<div style=\"height:20px\" aria-hidden=\"true\" class=\"wp-block-spacer\"><\/div>\n\n\n\n<h3 class=\"wp-block-heading has-text-align-center has-neve-text-color-color has-text-color\">ISO Belgeleri<\/h3>\n\n\n\n<p class=\"has-text-align-center\">ISO 9001<br>ISO 14001<br>ISO13485<br>ISO 22000<\/p>\n\n\n\n<div style=\"height:20px\" aria-hidden=\"true\" class=\"wp-block-spacer\"><\/div>\n<\/div>\n\n\n\n<div class=\"wp-block-column is-layout-flow\"><div class=\"wp-block-image icon-style is-style-rounded\">\n<figure class=\"aligncenter size-large\"><img decoding=\"async\" loading=\"lazy\" width=\"72\" height=\"72\" src=\"http:\/\/uygunlukbelgeleri.com\/wp-content\/uploads\/2020\/01\/neve-webdesign-GB-04.png\" alt=\"\" class=\"wp-image-21\"\/><\/figure><\/div>\n\n\n<div style=\"height:20px\" aria-hidden=\"true\" class=\"wp-block-spacer\"><\/div>\n\n\n\n<h3 class=\"wp-block-heading has-text-align-center has-neve-text-color-color has-text-color\">Kalite Belgeleri<\/h3>\n\n\n\n<p class=\"has-text-align-center\">CE Belgesi<br>ENEC Belgesi<br>CB Belgesi<br>ROHS Belgesi<\/p>\n\n\n\n<div style=\"height:20px\" aria-hidden=\"true\" class=\"wp-block-spacer\"><\/div>\n<\/div>\n\n\n\n<div class=\"wp-block-column is-layout-flow\"><div class=\"wp-block-image icon-style is-style-rounded\">\n<figure class=\"aligncenter size-large\"><img decoding=\"async\" loading=\"lazy\" width=\"72\" height=\"72\" src=\"http:\/\/uygunlukbelgeleri.com\/wp-content\/uploads\/2020\/01\/neve-webdesign-GB-01.png\" alt=\"\" class=\"wp-image-18\"\/><\/figure><\/div>\n\n\n<div style=\"height:20px\" aria-hidden=\"true\" class=\"wp-block-spacer\"><\/div>\n\n\n\n<h3 class=\"wp-block-heading has-text-align-center has-neve-text-color-color has-text-color\">\u0130hracat Belgeleri<\/h3>\n\n\n\n<p class=\"has-text-align-center\">SASO Belgesi<br>ESMA Belgesi<br>GOEIC Belgesi<br>SONCAP Belgesi<\/p>\n\n\n\n<div style=\"height:20px\" aria-hidden=\"true\" class=\"wp-block-spacer\"><\/div>\n<\/div>\n<\/div>\n\n\n\n<p class=\"has-text-align-center\">Gibi bir \u00e7ok belgede hizmet vermekteyiz detayl\u0131 bilgi i\u00e7in a\u015f\u015fa\u011f\u0131 <br>kayd\u0131rabilir veya yetkili ekibimize ula\u015fabilirsiniz.<\/p>\n\n\n\n<div style=\"height:80px\" aria-hidden=\"true\" class=\"wp-block-spacer\"><\/div>\n\n\n\n<div class=\"wp-block-cover alignfull\" style=\"min-height:600px\"><span aria-hidden=\"true\" class=\"wp-block-cover__background has-black-background-color has-background-dim-60 has-background-dim\"><\/span><div class=\"wp-block-cover__inner-container\">\n<div class=\"wp-block-group is-layout-flow\"><div class=\"wp-block-group__inner-container\">\n<div style=\"height:80px\" aria-hidden=\"true\" class=\"wp-block-spacer\"><\/div>\n\n\n\n<h2 class=\"wp-block-heading has-text-align-center has-neve-text-color-color has-text-color\">ISO Belgeleri<\/h2>\n\n\n\n<p class=\"has-text-align-center has-neve-text-color-color has-text-color\" style=\"font-size:17px\">ISO 9001:2015 &#8211; Kalite Y\u00f6netim Sistemi<br>ISO 14001:2015 &#8211; \u00c7evre Y\u00f6ntemi Sistemi<br>ISO 45001:2018 &#8211; \u0130\u015f Sa\u011fl\u0131\u011f\u0131 ve G\u00fcvenli\u011fi Sistemi<br>ISO 22000:2018 &#8211; G\u0131da G\u00fcvenli\u011fi Y\u00f6netim Sistemi<br>ISO 10002:2018 &#8211; M\u00fc\u015fteri Memnuniyeti Y\u00f6netim Sistemi<br>ISO 13485:2016 &#8211; T\u0131bbi Cihazlar Kalite Y\u00f6netim Sistemi<\/p>\n\n\n\n<p class=\"has-text-align-center\">ISO belgeleri, bir organizasyonun belirli bir standarta uygun oldu\u011funu ve kalite, g\u00fcvenlik, \u00e7evre y\u00f6netimi veya di\u011fer alanlarda gereksinimleri kar\u015f\u0131lad\u0131\u011f\u0131n\u0131 do\u011frulayan resmi belgelerdir. Bu belgeler, m\u00fc\u015fteri g\u00fcvenini art\u0131r\u0131r, rekabet avantaj\u0131 sa\u011flar ve i\u015fletmelerin uluslararas\u0131 standartlara uyumunu g\u00f6sterir.<\/p>\n\n\n<div class=\"wp-block-image\">\n<figure class=\"aligncenter size-large\"><img decoding=\"async\" loading=\"lazy\" width=\"1024\" height=\"278\" src=\"https:\/\/uygunlukbelgeleri.com\/wp-content\/uploads\/2023\/05\/ISO-Nedir-1024x278.png\" alt=\"\" class=\"wp-image-326\" srcset=\"https:\/\/uygunlukbelgeleri.com\/wp-content\/uploads\/2023\/05\/ISO-Nedir-1024x278.png 1024w, https:\/\/uygunlukbelgeleri.com\/wp-content\/uploads\/2023\/05\/ISO-Nedir-300x81.png 300w, https:\/\/uygunlukbelgeleri.com\/wp-content\/uploads\/2023\/05\/ISO-Nedir-768x208.png 768w, https:\/\/uygunlukbelgeleri.com\/wp-content\/uploads\/2023\/05\/ISO-Nedir.png 1102w\" sizes=\"(max-width: 1024px) 100vw, 1024px\" \/><\/figure><\/div>\n\n\n<div style=\"height:40px\" aria-hidden=\"true\" class=\"wp-block-spacer\"><\/div>\n<\/div><\/div>\n<\/div><\/div>\n\n\n\n<div class=\"wp-block-cover alignfull\" style=\"min-height:600px\"><span aria-hidden=\"true\" class=\"wp-block-cover__background has-black-background-color has-background-dim-60 has-background-dim\"><\/span><div class=\"wp-block-cover__inner-container\">\n<div class=\"wp-block-group is-layout-flow\"><div class=\"wp-block-group__inner-container\">\n<div style=\"height:80px\" aria-hidden=\"true\" class=\"wp-block-spacer\"><\/div>\n\n\n\n<div class=\"wp-block-columns are-vertically-aligned-center is-layout-flex wp-container-12\">\n<div class=\"wp-block-column is-vertically-aligned-center is-layout-flow\" style=\"flex-basis:50%\">\n<h2 class=\"wp-block-heading has-text-align-center has-neve-text-color-color has-text-color has-large-font-size\">\u00dcr\u00fcn Uygunlu\u011fu Hakk\u0131nda Belgeler<\/h2>\n\n\n\n<p class=\"has-text-align-center has-neve-text-color-color has-text-color\" style=\"font-size:25px\">CE Belgesi<br>CB Belgesi<br>LVD Belgesi<br>ROHS Belgesi<br>ENES Belgesi<br>IECE ve IECEE Belgeleri<br>GOST K-R-U Belgeleri<br><\/p>\n\n\n\n<div style=\"height:40px\" aria-hidden=\"true\" class=\"wp-block-spacer\"><\/div>\n<\/div>\n\n\n\n<div class=\"wp-block-column is-vertically-aligned-center is-layout-flow\" style=\"flex-basis:50%\">\n<figure class=\"wp-block-image size-large\"><img decoding=\"async\" loading=\"lazy\" width=\"1024\" height=\"1024\" src=\"https:\/\/uygunlukbelgeleri.com\/wp-content\/uploads\/2023\/06\/2082318-1024x1024.jpg\" alt=\"\" class=\"wp-image-348\" srcset=\"https:\/\/uygunlukbelgeleri.com\/wp-content\/uploads\/2023\/06\/2082318-1024x1024.jpg 1024w, https:\/\/uygunlukbelgeleri.com\/wp-content\/uploads\/2023\/06\/2082318-300x300.jpg 300w, https:\/\/uygunlukbelgeleri.com\/wp-content\/uploads\/2023\/06\/2082318-150x150.jpg 150w, https:\/\/uygunlukbelgeleri.com\/wp-content\/uploads\/2023\/06\/2082318-768x768.jpg 768w, https:\/\/uygunlukbelgeleri.com\/wp-content\/uploads\/2023\/06\/2082318-1536x1536.jpg 1536w, https:\/\/uygunlukbelgeleri.com\/wp-content\/uploads\/2023\/06\/2082318.jpg 2000w\" sizes=\"(max-width: 1024px) 100vw, 1024px\" \/><\/figure>\n<\/div>\n<\/div>\n\n\n\n<div style=\"height:40px\" aria-hidden=\"true\" class=\"wp-block-spacer\"><\/div>\n<\/div><\/div>\n<\/div><\/div>\n\n\n\n<div class=\"wp-block-cover alignfull\" style=\"min-height:600px\"><span aria-hidden=\"true\" class=\"wp-block-cover__background has-black-background-color has-background-dim-70 has-background-dim\"><\/span><div class=\"wp-block-cover__inner-container\">\n<div class=\"wp-block-group is-layout-flow\"><div class=\"wp-block-group__inner-container\">\n<div style=\"height:80px\" aria-hidden=\"true\" class=\"wp-block-spacer\"><\/div>\n\n\n\n<div class=\"wp-block-columns are-vertically-aligned-center is-layout-flex wp-container-17\">\n<div class=\"wp-block-column is-vertically-aligned-center is-layout-flow\" style=\"flex-basis:50%\">\n<figure class=\"wp-block-image size-large\"><img decoding=\"async\" loading=\"lazy\" width=\"1024\" height=\"827\" src=\"https:\/\/uygunlukbelgeleri.com\/wp-content\/uploads\/2023\/06\/7707334-1024x827.jpg\" alt=\"\" class=\"wp-image-342\" srcset=\"https:\/\/uygunlukbelgeleri.com\/wp-content\/uploads\/2023\/06\/7707334-1024x827.jpg 1024w, https:\/\/uygunlukbelgeleri.com\/wp-content\/uploads\/2023\/06\/7707334-300x242.jpg 300w, https:\/\/uygunlukbelgeleri.com\/wp-content\/uploads\/2023\/06\/7707334-768x620.jpg 768w, https:\/\/uygunlukbelgeleri.com\/wp-content\/uploads\/2023\/06\/7707334-1536x1241.jpg 1536w, https:\/\/uygunlukbelgeleri.com\/wp-content\/uploads\/2023\/06\/7707334.jpg 1999w\" sizes=\"(max-width: 1024px) 100vw, 1024px\" \/><\/figure>\n<\/div>\n\n\n\n<div class=\"wp-block-column is-vertically-aligned-center is-layout-flow\" style=\"flex-basis:50%\">\n<div style=\"height:40px\" aria-hidden=\"true\" class=\"wp-block-spacer\"><\/div>\n\n\n\n<h2 class=\"wp-block-heading has-text-align-center has-nv-text-dark-bg-color has-text-color has-large-font-size\">\u0130hracat Uygunluk Belgeleri<\/h2>\n\n\n\n<p class=\"has-text-align-center has-nv-text-dark-bg-color has-text-color\" style=\"font-size:22px\">SASO Belgesi<br>ESMA Belgesi<br>GOEIC Belgesi<br>PVOC Belgesi<br>SONCAP Belgesi<br>eCOSMA Belgesi<br>G Mark Belgesi<br>K\u00f6rfez \u00dclkeleri \u0130\u00e7in Belgeler<\/p>\n\n\n\n<div class=\"wp-block-buttons is-horizontal is-content-justification-left is-layout-flex wp-container-15\">\n<div class=\"wp-block-button is-style-primary\"><a class=\"wp-block-button__link wp-element-button\" href=\"https:\/\/www.ezhar.com.tr\" target=\"_blank\" rel=\"noreferrer noopener\">Dahas\u0131 \u0130\u00e7in T\u0131klay\u0131n<\/a><\/div>\n<\/div>\n<\/div>\n<\/div>\n\n\n\n<div style=\"height:50px\" aria-hidden=\"true\" class=\"wp-block-spacer\"><\/div>\n<\/div><\/div>\n<\/div><\/div>\n\n\n\n<div class=\"wp-block-cover alignfull\" style=\"min-height:300px\"><span aria-hidden=\"true\" class=\"wp-block-cover__background has-black-background-color has-background-dim-60 has-background-dim\"><\/span><div class=\"wp-block-cover__inner-container\">\n<div style=\"height:140px\" aria-hidden=\"true\" class=\"wp-block-spacer\"><\/div>\n\n\n\n<h3 class=\"wp-block-heading has-text-align-center\">EZHAR KURUMSAL K\u0130MD\u0130R?<\/h3>\n\n\n\n<p class=\"has-text-align-center\">Ezhar Group Firmam\u0131z 2009 y\u0131l\u0131nda \u0130hracat Yapan firmalara Belgelendirme, Test, G\u00f6zetim hizmet veren, Belgelendirme, Test ve G\u00f6zetim Sekt\u00f6r\u00fcnde T\u00fcrkiye\u2019de \u00d6nde Kurulu\u015flardand\u0131r. Y\u0131lda Binlerde ihracat firmas\u0131na Belgelendirme, Test ve G\u00f6zetim hizmeti Sa\u011flaman\u0131n gururunu ta\u015f\u0131y\u0131n firmam\u0131z T\u00dcRKAK taraf\u0131ndan akredite olarak Kurumsal Kimli\u011fini Her zaman korumay\u0131 ba\u015farm\u0131\u015ft\u0131r. Tamamen M\u00fc\u015fteri odakl\u0131 \u00e7al\u0131\u015fan tecr\u00fcbeli kadrosu ile \u00d6zellikle Ortado\u011fu;<\/p>\n\n\n\n<p class=\"has-text-align-center\">\u0130hracat Belgelerinde ( Suudi Arabistan, Nijerya, Irak, Cezayir, Libya, Tunus vs.)<\/p>\n\n\n\n<p class=\"has-text-align-center\">Test i\u015flemlerinde ( LVD testi, EMC Testi, IP testi, CE Belgesi, Kald\u0131rma Ekipmanlar\u0131 y\u0131ll\u0131k Periyodik Kontroller ) T\u00fcr kak taraf\u0131ndan akredite olarak Hizmet vermektedir.<\/p>\n\n\n\n<p class=\"has-text-align-center\">Hakk\u0131m\u0131zda daha \u00e7ok bilgi almak ve di\u011fer belgelendirme konular\u0131nda destek almak i\u00e7in<a href=\"https:\/\/www.ezhar.com.tr\/contact\" target=\"_blank\" rel=\"noopener\">\u00a0t\u0131klayabilirsiniz.<\/a><br>Uygunluk Belgeleri hakk\u0131nda hizmetlerimizden yararlanmak i\u00e7in yetkili ekibimiz ile ileti\u015fime ge\u00e7ebilirsiniz.<\/p>\n\n\n\n<div style=\"height:140px\" aria-hidden=\"true\" class=\"wp-block-spacer\"><\/div>\n<\/div><\/div>\n","protected":false},"excerpt":{"rendered":"<p>ISO Belgeleri ISO 9001ISO 14001ISO13485ISO 22000 Kalite Belgeleri CE BelgesiENEC BelgesiCB BelgesiROHS Belgesi \u0130hracat Belgeleri SASO BelgesiESMA BelgesiGOEIC BelgesiSONCAP Belgesi Gibi bir \u00e7ok belgede hizmet vermekteyiz detayl\u0131 bilgi i\u00e7in a\u015f\u015fa\u011f\u0131 kayd\u0131rabilir veya yetkili ekibimize ula\u015fabilirsiniz.<\/p>\n","protected":false},"author":1,"featured_media":0,"parent":0,"menu_order":0,"comment_status":"closed","ping_status":"closed","template":"","meta":{"om_disable_all_campaigns":false,"_mi_skip_tracking":false,"_monsterinsights_sitenote_active":false,"_monsterinsights_sitenote_note":"","_monsterinsights_sitenote_category":0,"_themeisle_gutenberg_block_has_review":false,"_ti_tpc_template_sync":false,"_ti_tpc_template_id":"5udqur826ojgsxrmsxsc"},"_links":{"self":[{"href":"https:\/\/uygunlukbelgeleri.com\/index.php\/wp-json\/wp\/v2\/pages\/307"}],"collection":[{"href":"https:\/\/uygunlukbelgeleri.com\/index.php\/wp-json\/wp\/v2\/pages"}],"about":[{"href":"https:\/\/uygunlukbelgeleri.com\/index.php\/wp-json\/wp\/v2\/types\/page"}],"author":[{"embeddable":true,"href":"https:\/\/uygunlukbelgeleri.com\/index.php\/wp-json\/wp\/v2\/users\/1"}],"replies":[{"embeddable":true,"href":"https:\/\/uygunlukbelgeleri.com\/index.php\/wp-json\/wp\/v2\/comments?post=307"}],"version-history":[{"count":13,"href":"https:\/\/uygunlukbelgeleri.com\/index.php\/wp-json\/wp\/v2\/pages\/307\/revisions"}],"predecessor-version":[{"id":353,"href":"https:\/\/uygunlukbelgeleri.com\/index.php\/wp-json\/wp\/v2\/pages\/307\/revisions\/353"}],"wp:attachment":[{"href":"https:\/\/uygunlukbelgeleri.com\/index.php\/wp-json\/wp\/v2\/media?parent=307"}],"curies":[{"name":"wp","href":"https:\/\/api.w.org\/{rel}","templated":true}]}}